{"id":312,"date":"2023-12-19T05:45:20","date_gmt":"2023-12-19T05:45:20","guid":{"rendered":"https:\/\/greenform.dk\/?page_id=312"},"modified":"2023-12-19T05:45:22","modified_gmt":"2023-12-19T05:45:22","slug":"om-greenform","status":"publish","type":"page","link":"https:\/\/prinfo.greenform.dk\/index.php\/om-greenform\/","title":{"rendered":"Om os"},"content":{"rendered":"\n<div style=\"height:var(--wp--preset--spacing--50)\" aria-hidden=\"true\" class=\"wp-block-spacer\"><\/div>\n\n\n\n<div class=\"wp-block-group alignwide has-global-padding is-layout-constrained wp-block-group-is-layout-constrained\">\n<h1 class=\"wp-block-heading alignwide has-xx-large-font-size\" style=\"line-height:1.2\">Hvorfor Greenform?<\/h1>\n\n\n\n<p><\/p>\n\n\n\n<div class=\"wp-block-group alignfull has-accent-2-background-color has-background has-global-padding is-content-justification-center is-layout-constrained wp-container-core-group-is-layout-07713731 wp-block-group-is-layout-constrained\" style=\"margin-top:0;margin-bottom:0;padding-top:var(--wp--preset--spacing--50);padding-right:var(--wp--preset--spacing--50);padding-bottom:var(--wp--preset--spacing--50);padding-left:var(--wp--preset--spacing--50)\">\n<div class=\"wp-block-columns alignwide is-layout-flex wp-container-core-columns-is-layout-28f84493 wp-block-columns-is-layout-flex\">\n<div class=\"wp-block-column is-layout-flow wp-block-column-is-layout-flow\" style=\"flex-basis:40%\">\n<h2 class=\"wp-block-heading\">Vision<\/h2>\n<\/div>\n\n\n\n<div class=\"wp-block-column is-layout-flow wp-block-column-is-layout-flow\" style=\"flex-basis:60%\">\n<p>GreenForm str\u00e6ber efter at v\u00e6re en f\u00f8rende akt\u00f8r i den globale omstilling til b\u00e6redygtighed, ved at revolutionere messe- og udstillingsbranchen med vores innovative letv\u00e6gtspap-produkter. <\/p>\n\n\n\n<p>Vi er dedikerede til at udvikle l\u00f8sninger, der ikke kun reducerer milj\u00f8p\u00e5virkningen, men ogs\u00e5 inspirerer andre virksomheder til at tage ansvarlige skridt mod en mere b\u00e6redygtig fremtid. <\/p>\n\n\n\n<p>Vores m\u00e5l er at blive et forbillede for cirkul\u00e6r \u00f8konomi og b\u00e6redygtig innovation, samtidig med at vi underst\u00f8tter vores kunders behov for fleksible, milj\u00f8venlige og effektive udstillingsl\u00f8sninger. <\/p>\n\n\n\n<p>Ved at integrere b\u00e6redygtighed i hvert aspekt af vores virksomhed, fra produktudvikling til kundeservice, \u00f8nsker vi at s\u00e6tte en ny standard for industrien og bidrage aktivt til en gr\u00f8nnere verden.<\/p>\n<\/div>\n<\/div>\n\n\n\n<p><\/p>\n\n\n\n<figure class=\"wp-block-image alignwide size-large is-style-rounded is-style-rounded--1\"><img loading=\"lazy\" decoding=\"async\" width=\"1024\" height=\"380\" src=\"https:\/\/greenform.dk\/wp-content\/uploads\/2023\/12\/DSF5717-1024x380.jpg\" alt=\"\" class=\"wp-image-171\" srcset=\"https:\/\/prinfo.greenform.dk\/wp-content\/uploads\/2023\/12\/DSF5717-1024x380.jpg 1024w, https:\/\/prinfo.greenform.dk\/wp-content\/uploads\/2023\/12\/DSF5717-300x111.jpg 300w, https:\/\/prinfo.greenform.dk\/wp-content\/uploads\/2023\/12\/DSF5717-768x285.jpg 768w, https:\/\/prinfo.greenform.dk\/wp-content\/uploads\/2023\/12\/DSF5717-1536x571.jpg 1536w, https:\/\/prinfo.greenform.dk\/wp-content\/uploads\/2023\/12\/DSF5717-1320x490.jpg 1320w, https:\/\/prinfo.greenform.dk\/wp-content\/uploads\/2023\/12\/DSF5717-600x223.jpg 600w, https:\/\/prinfo.greenform.dk\/wp-content\/uploads\/2023\/12\/DSF5717.jpg 2000w\" sizes=\"auto, (max-width: 1024px) 100vw, 1024px\" \/><\/figure>\n\n\n\n<div style=\"height:0px;width:0px\" aria-hidden=\"true\" class=\"wp-block-spacer\"><\/div>\n<\/div>\n<\/div>\n\n\n\n<div class=\"wp-block-group alignfull has-global-padding is-layout-constrained wp-container-core-group-is-layout-b25ccd55 wp-block-group-is-layout-constrained\" style=\"margin-top:0;margin-bottom:0;padding-top:var(--wp--preset--spacing--50);padding-right:var(--wp--preset--spacing--50);padding-bottom:var(--wp--preset--spacing--50);padding-left:var(--wp--preset--spacing--50)\">\n<div class=\"wp-block-columns alignwide is-layout-flex wp-container-core-columns-is-layout-ff4b9c61 wp-block-columns-is-layout-flex\" style=\"margin-top:0;margin-bottom:0\">\n<div class=\"wp-block-column is-layout-flow wp-container-core-column-is-layout-8a368f38 wp-block-column-is-layout-flow\">\n<figure class=\"wp-block-image size-large is-style-rounded is-style-rounded--3\"><img loading=\"lazy\" decoding=\"async\" width=\"1024\" height=\"768\" src=\"https:\/\/greenform.dk\/wp-content\/uploads\/2023\/12\/IMG_1848-1024x768.jpg\" alt=\"\" class=\"wp-image-267\" style=\"aspect-ratio:4\/3;object-fit:cover\" srcset=\"https:\/\/prinfo.greenform.dk\/wp-content\/uploads\/2023\/12\/IMG_1848-1024x768.jpg 1024w, https:\/\/prinfo.greenform.dk\/wp-content\/uploads\/2023\/12\/IMG_1848-300x225.jpg 300w, https:\/\/prinfo.greenform.dk\/wp-content\/uploads\/2023\/12\/IMG_1848-768x576.jpg 768w, https:\/\/prinfo.greenform.dk\/wp-content\/uploads\/2023\/12\/IMG_1848-1536x1152.jpg 1536w, https:\/\/prinfo.greenform.dk\/wp-content\/uploads\/2023\/12\/IMG_1848-2048x1536.jpg 2048w, https:\/\/prinfo.greenform.dk\/wp-content\/uploads\/2023\/12\/IMG_1848-1320x990.jpg 1320w, https:\/\/prinfo.greenform.dk\/wp-content\/uploads\/2023\/12\/IMG_1848-600x450.jpg 600w\" sizes=\"auto, (max-width: 1024px) 100vw, 1024px\" \/><\/figure>\n\n\n\n<div style=\"height:var(--wp--preset--spacing--50)\" aria-hidden=\"true\" class=\"wp-block-spacer\"><\/div>\n\n\n\n<figure class=\"wp-block-image size-large is-style-rounded is-style-rounded--4\"><img loading=\"lazy\" decoding=\"async\" width=\"1024\" height=\"768\" src=\"https:\/\/greenform.dk\/wp-content\/uploads\/2023\/12\/IMG_1846-1024x768.jpg\" alt=\"\" class=\"wp-image-265\" style=\"aspect-ratio:3\/4;object-fit:cover\" srcset=\"https:\/\/prinfo.greenform.dk\/wp-content\/uploads\/2023\/12\/IMG_1846-1024x768.jpg 1024w, https:\/\/prinfo.greenform.dk\/wp-content\/uploads\/2023\/12\/IMG_1846-300x225.jpg 300w, https:\/\/prinfo.greenform.dk\/wp-content\/uploads\/2023\/12\/IMG_1846-768x576.jpg 768w, https:\/\/prinfo.greenform.dk\/wp-content\/uploads\/2023\/12\/IMG_1846-1536x1152.jpg 1536w, https:\/\/prinfo.greenform.dk\/wp-content\/uploads\/2023\/12\/IMG_1846-2048x1536.jpg 2048w, https:\/\/prinfo.greenform.dk\/wp-content\/uploads\/2023\/12\/IMG_1846-1320x990.jpg 1320w, https:\/\/prinfo.greenform.dk\/wp-content\/uploads\/2023\/12\/IMG_1846-600x450.jpg 600w\" sizes=\"auto, (max-width: 1024px) 100vw, 1024px\" \/><\/figure>\n\n\n\n<div style=\"height:var(--wp--preset--spacing--50)\" aria-hidden=\"true\" class=\"wp-block-spacer\"><\/div>\n<\/div>\n\n\n\n<div class=\"wp-block-column is-layout-flow wp-container-core-column-is-layout-8a368f38 wp-block-column-is-layout-flow\">\n<div style=\"height:var(--wp--preset--spacing--50)\" aria-hidden=\"true\" class=\"wp-block-spacer\"><\/div>\n\n\n\n<figure class=\"wp-block-image size-full is-style-rounded is-style-rounded--5\"><img loading=\"lazy\" decoding=\"async\" width=\"612\" height=\"1000\" src=\"https:\/\/greenform.dk\/wp-content\/uploads\/2023\/11\/50-cm.jpg\" alt=\"\" class=\"wp-image-82\" srcset=\"https:\/\/prinfo.greenform.dk\/wp-content\/uploads\/2023\/11\/50-cm.jpg 612w, https:\/\/prinfo.greenform.dk\/wp-content\/uploads\/2023\/11\/50-cm-600x980.jpg 600w, https:\/\/prinfo.greenform.dk\/wp-content\/uploads\/2023\/11\/50-cm-184x300.jpg 184w, https:\/\/prinfo.greenform.dk\/wp-content\/uploads\/2023\/11\/50-cm-480x784.jpg 480w\" sizes=\"auto, (max-width: 612px) 100vw, 612px\" \/><\/figure>\n\n\n\n<div style=\"height:var(--wp--preset--spacing--50)\" aria-hidden=\"true\" class=\"wp-block-spacer\"><\/div>\n\n\n\n<div style=\"height:var(--wp--preset--spacing--50)\" aria-hidden=\"true\" class=\"wp-block-spacer\"><\/div>\n<\/div>\n\n\n\n<div class=\"wp-block-column is-layout-flow wp-container-core-column-is-layout-8a368f38 wp-block-column-is-layout-flow\">\n<figure data-wp-context=\"{&quot;imageId&quot;:&quot;69c9b9ac3cc84&quot;}\" data-wp-interactive=\"core\/image\" data-wp-key=\"69c9b9ac3cc84\" class=\"wp-block-image size-full is-resized is-style-rounded is-style-rounded--6 wp-lightbox-container\"><img loading=\"lazy\" decoding=\"async\" width=\"200\" height=\"556\" data-wp-class--hide=\"state.isContentHidden\" data-wp-class--show=\"state.isContentVisible\" data-wp-init=\"callbacks.setButtonStyles\" data-wp-on--click=\"actions.showLightbox\" data-wp-on--load=\"callbacks.setButtonStyles\" data-wp-on-window--resize=\"callbacks.setButtonStyles\" src=\"https:\/\/greenform.dk\/wp-content\/uploads\/2023\/11\/Nikon-8301-e1700752012106.jpg\" alt=\"\" class=\"wp-image-69\" style=\"width:155px;height:auto\"\/><button\n\t\t\tclass=\"lightbox-trigger\"\n\t\t\ttype=\"button\"\n\t\t\taria-haspopup=\"dialog\"\n\t\t\taria-label=\"Enlarge\"\n\t\t\tdata-wp-init=\"callbacks.initTriggerButton\"\n\t\t\tdata-wp-on--click=\"actions.showLightbox\"\n\t\t\tdata-wp-style--right=\"state.imageButtonRight\"\n\t\t\tdata-wp-style--top=\"state.imageButtonTop\"\n\t\t>\n\t\t\t<svg xmlns=\"http:\/\/www.w3.org\/2000\/svg\" width=\"12\" height=\"12\" fill=\"none\" viewBox=\"0 0 12 12\">\n\t\t\t\t<path fill=\"#fff\" d=\"M2 0a2 2 0 0 0-2 2v2h1.5V2a.5.5 0 0 1 .5-.5h2V0H2Zm2 10.5H2a.5.5 0 0 1-.5-.5V8H0v2a2 2 0 0 0 2 2h2v-1.5ZM8 12v-1.5h2a.5.5 0 0 0 .5-.5V8H12v2a2 2 0 0 1-2 2H8Zm2-12a2 2 0 0 1 2 2v2h-1.5V2a.5.5 0 0 0-.5-.5H8V0h2Z\" \/>\n\t\t\t<\/svg>\n\t\t<\/button><\/figure>\n\n\n\n<div style=\"height:var(--wp--preset--spacing--50)\" aria-hidden=\"true\" class=\"wp-block-spacer\"><\/div>\n\n\n\n<div style=\"height:var(--wp--preset--spacing--50)\" aria-hidden=\"true\" class=\"wp-block-spacer\"><\/div>\n<\/div>\n\n\n\n<div class=\"wp-block-column is-layout-flow wp-container-core-column-is-layout-8a368f38 wp-block-column-is-layout-flow\">\n<div style=\"height:var(--wp--preset--spacing--50)\" aria-hidden=\"true\" class=\"wp-block-spacer\"><\/div>\n\n\n\n<figure class=\"wp-block-image size-large is-style-rounded is-style-rounded--7\"><img loading=\"lazy\" decoding=\"async\" width=\"1024\" height=\"683\" src=\"https:\/\/greenform.dk\/wp-content\/uploads\/2023\/12\/Nikon-8359-1024x683.jpg\" alt=\"\" class=\"wp-image-272\" style=\"aspect-ratio:4\/3;object-fit:cover\" srcset=\"https:\/\/prinfo.greenform.dk\/wp-content\/uploads\/2023\/12\/Nikon-8359-1024x683.jpg 1024w, https:\/\/prinfo.greenform.dk\/wp-content\/uploads\/2023\/12\/Nikon-8359-300x200.jpg 300w, https:\/\/prinfo.greenform.dk\/wp-content\/uploads\/2023\/12\/Nikon-8359-768x512.jpg 768w, https:\/\/prinfo.greenform.dk\/wp-content\/uploads\/2023\/12\/Nikon-8359-1536x1024.jpg 1536w, https:\/\/prinfo.greenform.dk\/wp-content\/uploads\/2023\/12\/Nikon-8359-1320x880.jpg 1320w, https:\/\/prinfo.greenform.dk\/wp-content\/uploads\/2023\/12\/Nikon-8359-600x400.jpg 600w\" sizes=\"auto, (max-width: 1024px) 100vw, 1024px\" \/><\/figure>\n\n\n\n<div style=\"height:var(--wp--preset--spacing--50)\" aria-hidden=\"true\" class=\"wp-block-spacer\"><\/div>\n\n\n\n<div style=\"height:var(--wp--preset--spacing--50)\" aria-hidden=\"true\" class=\"wp-block-spacer\"><\/div>\n<\/div>\n<\/div>\n<\/div>\n","protected":false},"excerpt":{"rendered":"<p>Hvorfor Greenform? Vision GreenForm str\u00e6ber efter at v\u00e6re en f\u00f8rende akt\u00f8r i den globale omstilling til b\u00e6redygtighed, ved at revolutionere messe- og udstillingsbranchen med vores innovative letv\u00e6gtspap-produkter. Vi er dedikerede til at udvikle l\u00f8sninger, der ikke kun reducerer milj\u00f8p\u00e5virkningen, men ogs\u00e5 inspirerer andre virksomheder til at tage ansvarlige skridt mod en mere b\u00e6redygtig fremtid. Vores [&hellip;]<\/p>\n","protected":false},"author":1,"featured_media":0,"parent":0,"menu_order":0,"comment_status":"closed","ping_status":"closed","template":"","meta":{"footnotes":""},"class_list":["post-312","page","type-page","status-publish","hentry"],"_links":{"self":[{"href":"https:\/\/prinfo.greenform.dk\/index.php\/wp-json\/wp\/v2\/pages\/312","targetHints":{"allow":["GET"]}}],"collection":[{"href":"https:\/\/prinfo.greenform.dk\/index.php\/wp-json\/wp\/v2\/pages"}],"about":[{"href":"https:\/\/prinfo.greenform.dk\/index.php\/wp-json\/wp\/v2\/types\/page"}],"author":[{"embeddable":true,"href":"https:\/\/prinfo.greenform.dk\/index.php\/wp-json\/wp\/v2\/users\/1"}],"replies":[{"embeddable":true,"href":"https:\/\/prinfo.greenform.dk\/index.php\/wp-json\/wp\/v2\/comments?post=312"}],"version-history":[{"count":1,"href":"https:\/\/prinfo.greenform.dk\/index.php\/wp-json\/wp\/v2\/pages\/312\/revisions"}],"predecessor-version":[{"id":313,"href":"https:\/\/prinfo.greenform.dk\/index.php\/wp-json\/wp\/v2\/pages\/312\/revisions\/313"}],"wp:attachment":[{"href":"https:\/\/prinfo.greenform.dk\/index.php\/wp-json\/wp\/v2\/media?parent=312"}],"curies":[{"name":"wp","href":"https:\/\/api.w.org\/{rel}","templated":true}]}}